{"id":10,"date":"2022-05-03T12:50:51","date_gmt":"2022-05-03T12:50:51","guid":{"rendered":"https:\/\/chuquinhababy.com.br\/loja\/?page_id=10"},"modified":"2022-08-24T11:12:44","modified_gmt":"2022-08-24T11:12:44","slug":"home","status":"publish","type":"page","link":"https:\/\/chuquinhababy.com.br\/loja\/","title":{"rendered":"Home"},"content":{"rendered":"\t\t<div data-elementor-type=\"wp-page\" data-elementor-id=\"10\" class=\"elementor elementor-10\">\n\t\t\t\t\t\t<section class=\"elementor-section elementor-top-section elementor-element elementor-element-c89273b elementor-section-content-middle elementor-section-boxed elementor-section-height-default elementor-section-height-default\" data-id=\"c89273b\" data-element_type=\"section\" data-settings=\"{&quot;background_background&quot;:&quot;classic&quot;}\">\n\t\t\t\t\t\t<div class=\"elementor-container elementor-column-gap-default\">\n\t\t\t\t\t<div class=\"elementor-column elementor-col-50 elementor-top-column elementor-element elementor-element-2d50799\" data-id=\"2d50799\" data-element_type=\"column\">\n\t\t\t<div class=\"elementor-widget-wrap elementor-element-populated\">\n\t\t\t\t\t\t<div class=\"elementor-element elementor-element-ca1982c elementor-widget elementor-widget-heading\" data-id=\"ca1982c\" data-element_type=\"widget\" data-widget_type=\"heading.default\">\n\t\t\t\t<div class=\"elementor-widget-container\">\n\t\t\t\t\t<h2 class=\"elementor-heading-title elementor-size-default\">Voce \u00e9 Logista, e tem interesse em vender nossa marca ? <\/h2>\t\t\t\t<\/div>\n\t\t\t\t<\/div>\n\t\t\t\t\t<\/div>\n\t\t<\/div>\n\t\t\t\t<div class=\"elementor-column elementor-col-50 elementor-top-column elementor-element elementor-element-4c71845\" data-id=\"4c71845\" data-element_type=\"column\">\n\t\t\t<div class=\"elementor-widget-wrap elementor-element-populated\">\n\t\t\t\t\t\t<div class=\"elementor-element elementor-element-08add05 elementor-mobile-align-center elementor-widget elementor-widget-button\" data-id=\"08add05\" data-element_type=\"widget\" data-widget_type=\"button.default\">\n\t\t\t\t<div class=\"elementor-widget-container\">\n\t\t\t\t\t\t\t\t\t<div class=\"elementor-button-wrapper\">\n\t\t\t\t\t<a class=\"elementor-button elementor-button-link elementor-size-sm\" href=\"https:\/\/api.whatsapp.com\/send?phone=5544991542437&#038;text=Ol%C3%A1%2C%20Vim%20pelo%20Site!%20Sou%20Lojista%20e%20gostaria%20de%20saber%20como%20funciona%20a%20venda%20para%20CNPJ.\">\n\t\t\t\t\t\t<span class=\"elementor-button-content-wrapper\">\n\t\t\t\t\t\t\t\t\t<span class=\"elementor-button-text\">Entre em Contato!<\/span>\n\t\t\t\t\t<\/span>\n\t\t\t\t\t<\/a>\n\t\t\t\t<\/div>\n\t\t\t\t\t\t\t\t<\/div>\n\t\t\t\t<\/div>\n\t\t\t\t\t<\/div>\n\t\t<\/div>\n\t\t\t\t\t<\/div>\n\t\t<\/section>\n\t\t\t\t<section class=\"elementor-section elementor-top-section elementor-element elementor-element-16ff86a elementor-section-boxed elementor-section-height-default elementor-section-height-default\" data-id=\"16ff86a\" data-element_type=\"section\">\n\t\t\t\t\t\t<div class=\"elementor-container elementor-column-gap-default\">\n\t\t\t\t\t<div class=\"elementor-column elementor-col-100 elementor-top-column elementor-element elementor-element-b6d17b6\" data-id=\"b6d17b6\" data-element_type=\"column\">\n\t\t\t<div class=\"elementor-widget-wrap elementor-element-populated\">\n\t\t\t\t\t\t<div class=\"elementor-element elementor-element-24e12c2 elementor-widget elementor-widget-heading\" data-id=\"24e12c2\" data-element_type=\"widget\" data-widget_type=\"heading.default\">\n\t\t\t\t<div class=\"elementor-widget-container\">\n\t\t\t\t\t<h4 class=\"elementor-heading-title elementor-size-default\">CONFIRA NOSSAS NOVIDADES<\/h4>\t\t\t\t<\/div>\n\t\t\t\t<\/div>\n\t\t\t\t<div class=\"elementor-element elementor-element-21234b0 elementor-widget-divider--view-line_icon elementor-view-default elementor-widget-divider--element-align-center elementor-widget elementor-widget-divider\" data-id=\"21234b0\" data-element_type=\"widget\" data-widget_type=\"divider.default\">\n\t\t\t\t<div class=\"elementor-widget-container\">\n\t\t\t\t\t\t\t<div class=\"elementor-divider\">\n\t\t\t<span class=\"elementor-divider-separator\">\n\t\t\t\t\t\t\t<div class=\"elementor-icon elementor-divider__element\">\n\t\t\t\t\t<i aria-hidden=\"true\" class=\"fas fa-star\"><\/i><\/div>\n\t\t\t\t\t\t<\/span>\n\t\t<\/div>\n\t\t\t\t\t\t<\/div>\n\t\t\t\t<\/div>\n\t\t\t\t<div class=\"elementor-element elementor-element-3c5c54f elementor-product-loop-item--align-center elementor-grid-4 elementor-grid-tablet-3 elementor-grid-mobile-2 elementor-products-grid elementor-wc-products elementor-invisible elementor-widget elementor-widget-woocommerce-products\" data-id=\"3c5c54f\" data-element_type=\"widget\" data-settings=\"{&quot;_animation&quot;:&quot;fadeInRight&quot;}\" data-widget_type=\"woocommerce-products.default\">\n\t\t\t\t<div class=\"elementor-widget-container\">\n\t\t\t\t\t<div class=\"woocommerce columns-4 \"><ul class=\"products elementor-grid columns-4\">\n<li class=\"product type-product post-1559 status-publish first instock product_cat-colecao-meninas product_cat-vestidos has-post-thumbnail shipping-taxable purchasable product-type-variable\">\n\t<a href=\"https:\/\/chuquinhababy.com.br\/loja\/produto\/vestido-de-inverno-plush\/\" class=\"woocommerce-LoopProduct-link woocommerce-loop-product__link\"><img fetchpriority=\"high\" decoding=\"async\" width=\"300\" height=\"300\" src=\"https:\/\/chuquinhababy.com.br\/loja\/wp-content\/uploads\/2023\/11\/vestio-plush-rosa-escuro-2901-300x300.jpg\" class=\"attachment-woocommerce_thumbnail size-woocommerce_thumbnail\" alt=\"Vestido de Inverno Plush\" srcset=\"https:\/\/chuquinhababy.com.br\/loja\/wp-content\/uploads\/2023\/11\/vestio-plush-rosa-escuro-2901-300x300.jpg 300w, https:\/\/chuquinhababy.com.br\/loja\/wp-content\/uploads\/2023\/11\/vestio-plush-rosa-escuro-2901-150x150.jpg 150w, https:\/\/chuquinhababy.com.br\/loja\/wp-content\/uploads\/2023\/11\/vestio-plush-rosa-escuro-2901-100x100.jpg 100w\" sizes=\"(max-width: 300px) 100vw, 300px\" \/><h2 class=\"woocommerce-loop-product__title\">Vestido de Inverno Plush<\/h2>\n\t<span class=\"price\"><span class=\"woocommerce-Price-amount amount\"><bdi><span class=\"woocommerce-Price-currencySymbol\">&#82;&#36;<\/span>&nbsp;51,00<\/bdi><\/span><\/span>\n<\/a><a href=\"https:\/\/chuquinhababy.com.br\/loja\/produto\/vestido-de-inverno-plush\/\" aria-describedby=\"woocommerce_loop_add_to_cart_link_describedby_1559\" data-quantity=\"1\" class=\"button product_type_variable add_to_cart_button\" data-product_id=\"1559\" data-product_sku=\"2901\" aria-label=\"Selecione as op\u00e7\u00f5es para &ldquo;Vestido de Inverno Plush&rdquo;\" rel=\"nofollow\">Ver op\u00e7\u00f5es<\/a>\t<span id=\"woocommerce_loop_add_to_cart_link_describedby_1559\" class=\"screen-reader-text\">\n\t\tEste produto tem v\u00e1rias variantes. As op\u00e7\u00f5es podem ser escolhidas na p\u00e1gina do produto\t<\/span>\n<\/li>\n<li class=\"product type-product post-1550 status-publish instock product_cat-colecao-meninas product_cat-vestidos has-post-thumbnail shipping-taxable purchasable product-type-variable\">\n\t<a href=\"https:\/\/chuquinhababy.com.br\/loja\/produto\/vestido-inverno-feminino\/\" class=\"woocommerce-LoopProduct-link woocommerce-loop-product__link\"><img decoding=\"async\" width=\"300\" height=\"300\" src=\"https:\/\/chuquinhababy.com.br\/loja\/wp-content\/uploads\/2023\/11\/VESTIDO-PLUSH-VERMELHO-2905-300x300.jpg\" class=\"attachment-woocommerce_thumbnail size-woocommerce_thumbnail\" alt=\"Vestido Inverno Feminino\" srcset=\"https:\/\/chuquinhababy.com.br\/loja\/wp-content\/uploads\/2023\/11\/VESTIDO-PLUSH-VERMELHO-2905-300x300.jpg 300w, https:\/\/chuquinhababy.com.br\/loja\/wp-content\/uploads\/2023\/11\/VESTIDO-PLUSH-VERMELHO-2905-150x150.jpg 150w, https:\/\/chuquinhababy.com.br\/loja\/wp-content\/uploads\/2023\/11\/VESTIDO-PLUSH-VERMELHO-2905-100x100.jpg 100w\" sizes=\"(max-width: 300px) 100vw, 300px\" \/><h2 class=\"woocommerce-loop-product__title\">Vestido Inverno Feminino<\/h2>\n\t<span class=\"price\"><span class=\"woocommerce-Price-amount amount\"><bdi><span class=\"woocommerce-Price-currencySymbol\">&#82;&#36;<\/span>&nbsp;52,00<\/bdi><\/span><\/span>\n<\/a><a href=\"https:\/\/chuquinhababy.com.br\/loja\/produto\/vestido-inverno-feminino\/\" aria-describedby=\"woocommerce_loop_add_to_cart_link_describedby_1550\" data-quantity=\"1\" class=\"button product_type_variable add_to_cart_button\" data-product_id=\"1550\" data-product_sku=\"2905\" aria-label=\"Selecione as op\u00e7\u00f5es para &ldquo;Vestido Inverno Feminino&rdquo;\" rel=\"nofollow\">Ver op\u00e7\u00f5es<\/a>\t<span id=\"woocommerce_loop_add_to_cart_link_describedby_1550\" class=\"screen-reader-text\">\n\t\tEste produto tem v\u00e1rias variantes. As op\u00e7\u00f5es podem ser escolhidas na p\u00e1gina do produto\t<\/span>\n<\/li>\n<li class=\"product type-product post-1353 status-publish instock product_cat-colecao-meninas product_cat-macacao-longo-inverno-colecao-meninas has-post-thumbnail shipping-taxable purchasable product-type-variable\">\n\t<a href=\"https:\/\/chuquinhababy.com.br\/loja\/produto\/macacao-longo-feminino-inverno\/\" class=\"woocommerce-LoopProduct-link woocommerce-loop-product__link\"><img decoding=\"async\" width=\"300\" height=\"300\" src=\"https:\/\/chuquinhababy.com.br\/loja\/wp-content\/uploads\/2023\/07\/2888-1-300x300.png\" class=\"attachment-woocommerce_thumbnail size-woocommerce_thumbnail\" alt=\"Macac\u00e3o Longo Feminino Inverno\" srcset=\"https:\/\/chuquinhababy.com.br\/loja\/wp-content\/uploads\/2023\/07\/2888-1-300x300.png 300w, https:\/\/chuquinhababy.com.br\/loja\/wp-content\/uploads\/2023\/07\/2888-1-1024x1024.png 1024w, https:\/\/chuquinhababy.com.br\/loja\/wp-content\/uploads\/2023\/07\/2888-1-150x150.png 150w, https:\/\/chuquinhababy.com.br\/loja\/wp-content\/uploads\/2023\/07\/2888-1-768x768.png 768w, https:\/\/chuquinhababy.com.br\/loja\/wp-content\/uploads\/2023\/07\/2888-1-600x600.png 600w, https:\/\/chuquinhababy.com.br\/loja\/wp-content\/uploads\/2023\/07\/2888-1-100x100.png 100w, https:\/\/chuquinhababy.com.br\/loja\/wp-content\/uploads\/2023\/07\/2888-1.png 1080w\" sizes=\"(max-width: 300px) 100vw, 300px\" \/><h2 class=\"woocommerce-loop-product__title\">Macac\u00e3o Longo Feminino Inverno<\/h2>\n\t<span class=\"price\"><span class=\"woocommerce-Price-amount amount\"><bdi><span class=\"woocommerce-Price-currencySymbol\">&#82;&#36;<\/span>&nbsp;56,00<\/bdi><\/span><\/span>\n<\/a><a href=\"https:\/\/chuquinhababy.com.br\/loja\/produto\/macacao-longo-feminino-inverno\/\" aria-describedby=\"woocommerce_loop_add_to_cart_link_describedby_1353\" data-quantity=\"1\" class=\"button product_type_variable add_to_cart_button\" data-product_id=\"1353\" data-product_sku=\"2888\" aria-label=\"Selecione as op\u00e7\u00f5es para &ldquo;Macac\u00e3o Longo Feminino Inverno&rdquo;\" rel=\"nofollow\">Ver op\u00e7\u00f5es<\/a>\t<span id=\"woocommerce_loop_add_to_cart_link_describedby_1353\" class=\"screen-reader-text\">\n\t\tEste produto tem v\u00e1rias variantes. As op\u00e7\u00f5es podem ser escolhidas na p\u00e1gina do produto\t<\/span>\n<\/li>\n<li class=\"product type-product post-1339 status-publish last instock product_cat-colecao-meninas product_cat-macacao-longo-inverno-colecao-meninas has-post-thumbnail shipping-taxable purchasable product-type-variable\">\n\t<a href=\"https:\/\/chuquinhababy.com.br\/loja\/produto\/macacao-longo-feminino\/\" class=\"woocommerce-LoopProduct-link woocommerce-loop-product__link\"><img loading=\"lazy\" decoding=\"async\" width=\"300\" height=\"300\" src=\"https:\/\/chuquinhababy.com.br\/loja\/wp-content\/uploads\/2023\/07\/2890-2-300x300.png\" class=\"attachment-woocommerce_thumbnail size-woocommerce_thumbnail\" alt=\"Macac\u00e3o Longo Feminino\" srcset=\"https:\/\/chuquinhababy.com.br\/loja\/wp-content\/uploads\/2023\/07\/2890-2-300x300.png 300w, https:\/\/chuquinhababy.com.br\/loja\/wp-content\/uploads\/2023\/07\/2890-2-1024x1024.png 1024w, https:\/\/chuquinhababy.com.br\/loja\/wp-content\/uploads\/2023\/07\/2890-2-150x150.png 150w, https:\/\/chuquinhababy.com.br\/loja\/wp-content\/uploads\/2023\/07\/2890-2-768x768.png 768w, https:\/\/chuquinhababy.com.br\/loja\/wp-content\/uploads\/2023\/07\/2890-2-600x600.png 600w, https:\/\/chuquinhababy.com.br\/loja\/wp-content\/uploads\/2023\/07\/2890-2-100x100.png 100w, https:\/\/chuquinhababy.com.br\/loja\/wp-content\/uploads\/2023\/07\/2890-2.png 1080w\" sizes=\"(max-width: 300px) 100vw, 300px\" \/><h2 class=\"woocommerce-loop-product__title\">Macac\u00e3o Longo Feminino<\/h2>\n\t<span class=\"price\"><span class=\"woocommerce-Price-amount amount\"><bdi><span class=\"woocommerce-Price-currencySymbol\">&#82;&#36;<\/span>&nbsp;60,00<\/bdi><\/span><\/span>\n<\/a><a href=\"https:\/\/chuquinhababy.com.br\/loja\/produto\/macacao-longo-feminino\/\" aria-describedby=\"woocommerce_loop_add_to_cart_link_describedby_1339\" data-quantity=\"1\" class=\"button product_type_variable add_to_cart_button\" data-product_id=\"1339\" data-product_sku=\"2890\" aria-label=\"Selecione as op\u00e7\u00f5es para &ldquo;Macac\u00e3o Longo Feminino&rdquo;\" rel=\"nofollow\">Ver op\u00e7\u00f5es<\/a>\t<span id=\"woocommerce_loop_add_to_cart_link_describedby_1339\" class=\"screen-reader-text\">\n\t\tEste produto tem v\u00e1rias variantes. As op\u00e7\u00f5es podem ser escolhidas na p\u00e1gina do produto\t<\/span>\n<\/li>\n<li class=\"product type-product post-1319 status-publish first instock product_cat-colecao-meninas product_cat-vestidos has-post-thumbnail shipping-taxable purchasable product-type-variable\">\n\t<a href=\"https:\/\/chuquinhababy.com.br\/loja\/produto\/vestido-com-casaco-inverno-infantil\/\" class=\"woocommerce-LoopProduct-link woocommerce-loop-product__link\"><img loading=\"lazy\" decoding=\"async\" width=\"300\" height=\"300\" src=\"https:\/\/chuquinhababy.com.br\/loja\/wp-content\/uploads\/2023\/07\/2903-2-300x300.png\" class=\"attachment-woocommerce_thumbnail size-woocommerce_thumbnail\" alt=\"Vestido Com Casaco Inverno Infantil\" srcset=\"https:\/\/chuquinhababy.com.br\/loja\/wp-content\/uploads\/2023\/07\/2903-2-300x300.png 300w, https:\/\/chuquinhababy.com.br\/loja\/wp-content\/uploads\/2023\/07\/2903-2-1024x1024.png 1024w, https:\/\/chuquinhababy.com.br\/loja\/wp-content\/uploads\/2023\/07\/2903-2-150x150.png 150w, https:\/\/chuquinhababy.com.br\/loja\/wp-content\/uploads\/2023\/07\/2903-2-768x768.png 768w, https:\/\/chuquinhababy.com.br\/loja\/wp-content\/uploads\/2023\/07\/2903-2-600x600.png 600w, https:\/\/chuquinhababy.com.br\/loja\/wp-content\/uploads\/2023\/07\/2903-2-100x100.png 100w, https:\/\/chuquinhababy.com.br\/loja\/wp-content\/uploads\/2023\/07\/2903-2.png 1080w\" sizes=\"(max-width: 300px) 100vw, 300px\" \/><h2 class=\"woocommerce-loop-product__title\">Vestido Com Casaco Inverno Infantil<\/h2>\n\t<span class=\"price\"><span class=\"woocommerce-Price-amount amount\"><bdi><span class=\"woocommerce-Price-currencySymbol\">&#82;&#36;<\/span>&nbsp;74,00<\/bdi><\/span><\/span>\n<\/a><a href=\"https:\/\/chuquinhababy.com.br\/loja\/produto\/vestido-com-casaco-inverno-infantil\/\" aria-describedby=\"woocommerce_loop_add_to_cart_link_describedby_1319\" data-quantity=\"1\" class=\"button product_type_variable add_to_cart_button\" data-product_id=\"1319\" data-product_sku=\"2903\" aria-label=\"Selecione as op\u00e7\u00f5es para &ldquo;Vestido Com Casaco Inverno Infantil&rdquo;\" rel=\"nofollow\">Ver op\u00e7\u00f5es<\/a>\t<span id=\"woocommerce_loop_add_to_cart_link_describedby_1319\" class=\"screen-reader-text\">\n\t\tEste produto tem v\u00e1rias variantes. As op\u00e7\u00f5es podem ser escolhidas na p\u00e1gina do produto\t<\/span>\n<\/li>\n<\/ul>\n<\/div>\t\t\t\t<\/div>\n\t\t\t\t<\/div>\n\t\t\t\t\t<\/div>\n\t\t<\/div>\n\t\t\t\t\t<\/div>\n\t\t<\/section>\n\t\t\t\t<section class=\"elementor-section elementor-top-section elementor-element elementor-element-3b94962 elementor-section-boxed elementor-section-height-default elementor-section-height-default\" data-id=\"3b94962\" data-element_type=\"section\">\n\t\t\t\t\t\t<div class=\"elementor-container elementor-column-gap-default\">\n\t\t\t\t\t<div class=\"elementor-column elementor-col-100 elementor-top-column elementor-element elementor-element-0e67f46\" data-id=\"0e67f46\" data-element_type=\"column\">\n\t\t\t<div class=\"elementor-widget-wrap elementor-element-populated\">\n\t\t\t\t\t\t<section class=\"elementor-section elementor-inner-section elementor-element elementor-element-459764e elementor-section-boxed elementor-section-height-default elementor-section-height-default\" data-id=\"459764e\" data-element_type=\"section\">\n\t\t\t\t\t\t<div class=\"elementor-container elementor-column-gap-default\">\n\t\t\t\t\t<div class=\"elementor-column elementor-col-50 elementor-inner-column elementor-element elementor-element-387810e\" data-id=\"387810e\" data-element_type=\"column\">\n\t\t\t<div class=\"elementor-widget-wrap\">\n\t\t\t\t\t\t\t<\/div>\n\t\t<\/div>\n\t\t\t\t<div class=\"elementor-column elementor-col-50 elementor-inner-column elementor-element elementor-element-2a1acea\" data-id=\"2a1acea\" data-element_type=\"column\">\n\t\t\t<div class=\"elementor-widget-wrap\">\n\t\t\t\t\t\t\t<\/div>\n\t\t<\/div>\n\t\t\t\t\t<\/div>\n\t\t<\/section>\n\t\t\t\t\t<\/div>\n\t\t<\/div>\n\t\t\t\t\t<\/div>\n\t\t<\/section>\n\t\t\t\t<\/div>\n\t\t","protected":false},"excerpt":{"rendered":"<p>Voce \u00e9 Logista, e tem interesse em vender nossa marca ? Entre em Contato! CONFIRA NOSSAS NOVIDADES<\/p>\n","protected":false},"author":1,"featured_media":0,"parent":0,"menu_order":0,"comment_status":"closed","ping_status":"closed","template":"elementor_header_footer","meta":{"footnotes":""},"class_list":["post-10","page","type-page","status-publish","hentry"],"jetpack_sharing_enabled":true,"_links":{"self":[{"href":"https:\/\/chuquinhababy.com.br\/loja\/wp-json\/wp\/v2\/pages\/10","targetHints":{"allow":["GET"]}}],"collection":[{"href":"https:\/\/chuquinhababy.com.br\/loja\/wp-json\/wp\/v2\/pages"}],"about":[{"href":"https:\/\/chuquinhababy.com.br\/loja\/wp-json\/wp\/v2\/types\/page"}],"author":[{"embeddable":true,"href":"https:\/\/chuquinhababy.com.br\/loja\/wp-json\/wp\/v2\/users\/1"}],"replies":[{"embeddable":true,"href":"https:\/\/chuquinhababy.com.br\/loja\/wp-json\/wp\/v2\/comments?post=10"}],"version-history":[{"count":28,"href":"https:\/\/chuquinhababy.com.br\/loja\/wp-json\/wp\/v2\/pages\/10\/revisions"}],"predecessor-version":[{"id":1125,"href":"https:\/\/chuquinhababy.com.br\/loja\/wp-json\/wp\/v2\/pages\/10\/revisions\/1125"}],"wp:attachment":[{"href":"https:\/\/chuquinhababy.com.br\/loja\/wp-json\/wp\/v2\/media?parent=10"}],"curies":[{"name":"wp","href":"https:\/\/api.w.org\/{rel}","templated":true}]}}